{"id":495,"date":"2016-03-27T01:48:45","date_gmt":"2016-03-27T01:48:45","guid":{"rendered":"http:\/\/www.kasbahtours.com\/viajes-privados\/"},"modified":"2023-01-09T15:39:01","modified_gmt":"2023-01-09T15:39:01","slug":"tours","status":"publish","type":"page","link":"https:\/\/www.kasbahtours.com\/en\/tours\/","title":{"rendered":"Trips \/ Tours"},"content":{"rendered":"<p>&nbsp;<\/p>\n<p><img decoding=\"async\" loading=\"lazy\" class=\"alignnone size-medium wp-image-769 aligncenter\" src=\"http:\/\/www.kasbahtours.com\/wp-content\/uploads\/2016\/03\/rutas-privados-300x2.png\" alt=\"rutas-privados\" width=\"90%\" height=\"2\" srcset=\"https:\/\/www.kasbahtours.com\/en\/wp-content\/uploads\/2016\/03\/rutas-privados-300x2.png 300w, https:\/\/www.kasbahtours.com\/en\/wp-content\/uploads\/2016\/03\/rutas-privados-768x5.png 768w, https:\/\/www.kasbahtours.com\/en\/wp-content\/uploads\/2016\/03\/rutas-privados-1024x7.png 1024w, https:\/\/www.kasbahtours.com\/en\/wp-content\/uploads\/2016\/03\/rutas-privados.png 1482w\" sizes=\"(max-width: 300px) 100vw, 300px\" \/><\/p>\n<table class=\"art-article\" style=\"width: 100%;\">\n<tbody>\n<tr>\n<td style=\"width: 33%; text-align: justify;\" colspan=\"\" width=\"\">\n<h3 style=\"text-align: center;\"><span style=\"font-size: 12pt; color: #993300; font-family: 'Arial Black', 'Avant Garde';\">Desde Marrakech<\/span><\/h3>\n<p><a href=\"http:\/\/www.kasbahtours.com\/viajes-privados\/desde-marrakech\/2-dias-viaje-a-ouarzazate\/\">2 D\u00edas viaje a Ouarzazate<\/a><br \/>\n<a href=\"http:\/\/www.kasbahtours.com\/viajes-privados\/desde-marrakech\/2-dias-viaje-a-zagora\/\">2 D\u00edas viaje a Zagora<\/a><br \/>\n<a href=\"http:\/\/www.kasbahtours.com\/viajes-privados\/desde-marrakech\/3-dias-viaje-camello-caminatas\/\">3 D\u00edas viaje Camello Caminatas<\/a><br \/>\n<a href=\"http:\/\/www.kasbahtours.com\/viajes-privados\/desde-marrakech\/3-dias-viaje-marrakech-a-fez-via-merzouga\/\">3 D\u00edas Marrakech a Fez via Merzouga<\/a><br \/>\n<a href=\"http:\/\/www.kasbahtours.com\/viajes-privados\/desde-marrakech\/4-dias-ruta-del-desierto\/\">4 D\u00edas Ruta del Desierto<\/a><br \/>\n<a href=\"http:\/\/www.kasbahtours.com\/viajes-privados\/desde-marrakech\/5-dias-ruta-marrakech-a-erg-chigaga\/\">5 D\u00edas ruta Marrakech a Erg Chigaga<\/a><br \/>\n<a href=\"http:\/\/www.kasbahtours.com\/viajes-privados\/desde-marrakech\/5-dias-ruta-atlas-y-kasbahs\/\">5 D\u00edas ruta Atlas y Kasbahs<\/a><br \/>\n<a href=\"http:\/\/www.kasbahtours.com\/viajes-privados\/desde-marrakech\/6-dias-a-kasbahs-y-desierto\/\">6 D\u00edas a Kasbahs y Desierto<\/a><br \/>\n<a href=\"http:\/\/www.kasbahtours.com\/viajes-privados\/desde-marrakech\/8-dias-desierto-y-camello-caminata\/\">8 D\u00edas Desierto y Camello caminata<\/a><\/td>\n<td style=\"width: 33%;\">\n<h3 style=\"text-align: center;\"><span style=\"font-size: 12pt; color: #993300; font-family: 'Arial Black', 'Avant Garde';\">Desde\u00a0Fes<\/span><\/h3>\n<p style=\"text-align: justify;\"><a href=\"http:\/\/www.kasbahtours.com\/viajes-privados\/desde-fes\/3-dias-fes-desierto-marrakech\/\">3 D\u00edas Fes &#8211; Desierto &#8211; Marrakech<\/a><br \/>\n<a href=\"http:\/\/www.kasbahtours.com\/viajes-privados\/desde-fes\/3-dias-viaje-del-desierto\/\">3 D\u00edas viaje del Desierto<\/a><br \/>\n<a href=\"http:\/\/www.kasbahtours.com\/viajes-privados\/desde-fes\/4-dias-viaje-del-desierto\/\">4 D\u00edas viaje del Desierto<\/a><br \/>\n<a href=\"http:\/\/www.kasbahtours.com\/viajes-privados\/desde-fes\/4-dias-desierto-y-marrakech\/\">4 D\u00edas Desierto y Marrakech<\/a><br \/>\n<a href=\"http:\/\/www.kasbahtours.com\/viajes-privados\/desde-fes\/5-dias-desierto-y-marrakech\/\">5 D\u00edas Desierto y Marrakech<\/a><br \/>\n<a href=\"http:\/\/www.kasbahtours.com\/viajes-privados\/desde-fes\/12-dias-fabuloso-marruecos\/\">12 D\u00edas Fabuloso Marruecos<\/a><\/p>\n<\/td>\n<td style=\"width: 33%; text-align: justify;\">\n<h3 style=\"text-align: center;\"><span style=\"font-size: 12pt; color: #993300; font-family: 'Arial Black', 'Avant Garde';\">Desde Casablanca<\/span><\/h3>\n<p><a href=\"http:\/\/www.kasbahtours.com\/viajes-privados\/desde-casablanca\/8-dias-ciudades-imperiales\/\">8 D\u00edas Ciudades Imperiales<\/a><br \/>\n<a href=\"http:\/\/www.kasbahtours.com\/viajes-privados\/desde-casablanca\/10-dias-atlas-y-el-desierto\/\">10 D\u00edas Atlas y el desierto<\/a><br \/>\n<a href=\"http:\/\/www.kasbahtours.com\/viajes-privados\/desde-casablanca\/11-dias-clasico-marruecos\/\">11 D\u00edas Cl\u00e1sico Marruecos<\/a><br \/>\n<a href=\"http:\/\/www.kasbahtours.com\/viajes-privados\/desde-casablanca\/14-dias-viaje-del-desierto\/\">14 D\u00edas viaje del desierto<\/a><br \/>\n<a href=\"http:\/\/www.kasbahtours.com\/viajes-privados\/desde-casablanca\/15-dias-descubriendo-de-marruecos\/\">15 D\u00edas Descubriendo de Marruecos<\/a><\/td>\n<\/tr>\n<tr>\n<td style=\"width: 33%; text-align: justify;\">\n<h3 style=\"text-align: center;\"><span style=\"font-size: 12pt; color: #993300; font-family: 'Arial Black', 'Avant Garde';\">Desde Ouarzazate<\/span><\/h3>\n<p><a href=\"http:\/\/www.kasbahtours.com\/viajes-privados\/desde-ouarzazate\/2-dias-viaje-a-merzouga\/\">2 D\u00edas viaje a Merzouga<\/a><br \/>\n<a href=\"http:\/\/www.kasbahtours.com\/viajes-privados\/desde-ouarzazate\/3-dias-viaje-a-merzouga\/\">3 D\u00edas viaje a Merzouga<\/a><br \/>\n<a href=\"http:\/\/www.kasbahtours.com\/viajes-privados\/desde-ouarzazate\/3-dias-ruta-a-erg-chigaga\/\">3 D\u00edas ruta a Erg Chigaga<\/a><br \/>\n<a href=\"http:\/\/www.kasbahtours.com\/viajes-privados\/desde-ouarzazate\/4-dias-ruta-de-kasbahs\/\">4 D\u00edas Ruta de kasbahs<\/a><br \/>\n<a href=\"http:\/\/www.kasbahtours.com\/viajes-privados\/desde-ouarzazate\/6-dias-viaje-del-desierto\/\">6 D\u00edas viaje del desierto<\/a><\/td>\n<td style=\"width: 33%; text-align: justify;\">\n<h3 style=\"text-align: center;\"><span style=\"font-size: 12pt; color: #993300; font-family: 'Arial Black', 'Avant Garde';\">Desde T\u00e1nger<\/span><\/h3>\n<p><a href=\"http:\/\/www.kasbahtours.com\/viajes-privados\/desde-tanger\/2-dias-a-chefchaouen\/\">2 D\u00edas a Chefchaouen<\/a><br \/>\n<a href=\"http:\/\/www.kasbahtours.com\/viajes-privados\/desde-tanger\/5-dias-tour-a-marrakech-y-desierto\/\">5 D\u00edas tour a Marrakech y Desierto<\/a><br \/>\n<a href=\"http:\/\/www.kasbahtours.com\/viajes-privados\/desde-tanger\/7-dias-tour-a-las-ciudades-imperiales\/\">7 D\u00edas Tour a las ciudades imperiales<\/a><br \/>\n<a href=\"http:\/\/www.kasbahtours.com\/viajes-privados\/desde-tanger\/8-dias-tour-de-paseos-en-camello-y-marrakech\/\">8 D\u00edas Paseos En Camello y Marrakech<\/a><br \/>\n<a href=\"http:\/\/www.kasbahtours.com\/viajes-privados\/desde-tanger\/15-dias-tour-de-marruecos-exploracion\/\">15 D\u00edas Tour de Marruecos Exploraci\u00f3n<\/a><\/td>\n<\/tr>\n<\/tbody>\n<\/table>\n<p>&nbsp;<\/p>\n","protected":false},"excerpt":{"rendered":"<p>&nbsp; Desde Marrakech 2 D\u00edas viaje a Ouarzazate 2 D\u00edas viaje a Zagora 3 D\u00edas viaje Camello Caminatas 3 D\u00edas Marrakech a Fez via Merzouga 4 D\u00edas Ruta del Desierto 5 D\u00edas ruta Marrakech a Erg Chigaga 5 D\u00edas ruta Atlas y Kasbahs 6 D\u00edas a Kasbahs y Desierto 8 D\u00edas Desierto y Camello caminata [&hellip;]<\/p>\n","protected":false},"author":1,"featured_media":0,"parent":0,"menu_order":5,"comment_status":"closed","ping_status":"closed","template":"","meta":{"_mi_skip_tracking":false,"_joinchat":[]},"tags":[],"yoast_head":"<!-- This site is optimized with the Yoast SEO plugin v19.13 - https:\/\/yoast.com\/wordpress\/plugins\/seo\/ -->\n<title>Trips \/ Tours - Morocco Kasbah Tours<\/title>\n<meta name=\"robots\" content=\"index, follow, max-snippet:-1, max-image-preview:large, max-video-preview:-1\" \/>\n<link rel=\"canonical\" href=\"https:\/\/www.kasbahtours.com\/en\/tours\/\" \/>\n<meta property=\"og:locale\" content=\"en_US\" \/>\n<meta property=\"og:type\" content=\"article\" \/>\n<meta property=\"og:title\" content=\"Trips \/ Tours - Morocco Kasbah Tours\" \/>\n<meta property=\"og:description\" content=\"&nbsp; Desde Marrakech 2 D\u00edas viaje a Ouarzazate 2 D\u00edas viaje a Zagora 3 D\u00edas viaje Camello Caminatas 3 D\u00edas Marrakech a Fez via Merzouga 4 D\u00edas Ruta del Desierto 5 D\u00edas ruta Marrakech a Erg Chigaga 5 D\u00edas ruta Atlas y Kasbahs 6 D\u00edas a Kasbahs y Desierto 8 D\u00edas Desierto y Camello caminata [&hellip;]\" \/>\n<meta property=\"og:url\" content=\"https:\/\/www.kasbahtours.com\/en\/tours\/\" \/>\n<meta property=\"og:site_name\" content=\"Morocco Kasbah Tours\" \/>\n<meta property=\"article:modified_time\" content=\"2023-01-09T15:39:01+00:00\" \/>\n<meta property=\"og:image\" content=\"http:\/\/www.kasbahtours.com\/wp-content\/uploads\/2016\/03\/rutas-privados-300x2.png\" \/>\n<meta name=\"twitter:card\" content=\"summary_large_image\" \/>\n<meta name=\"twitter:label1\" content=\"Est. reading time\" \/>\n\t<meta name=\"twitter:data1\" content=\"1 minute\" \/>\n<script type=\"application\/ld+json\" class=\"yoast-schema-graph\">{\"@context\":\"https:\/\/schema.org\",\"@graph\":[{\"@type\":\"WebPage\",\"@id\":\"https:\/\/www.kasbahtours.com\/en\/tours\/\",\"url\":\"https:\/\/www.kasbahtours.com\/en\/tours\/\",\"name\":\"Trips \/ Tours - Morocco Kasbah Tours\",\"isPartOf\":{\"@id\":\"https:\/\/www.kasbahtours.com\/en\/#website\"},\"datePublished\":\"2016-03-27T01:48:45+00:00\",\"dateModified\":\"2023-01-09T15:39:01+00:00\",\"breadcrumb\":{\"@id\":\"https:\/\/www.kasbahtours.com\/en\/tours\/#breadcrumb\"},\"inLanguage\":\"en-US\",\"potentialAction\":[{\"@type\":\"ReadAction\",\"target\":[\"https:\/\/www.kasbahtours.com\/en\/tours\/\"]}]},{\"@type\":\"BreadcrumbList\",\"@id\":\"https:\/\/www.kasbahtours.com\/en\/tours\/#breadcrumb\",\"itemListElement\":[{\"@type\":\"ListItem\",\"position\":1,\"name\":\"Home\",\"item\":\"https:\/\/www.kasbahtours.com\/en\/\"},{\"@type\":\"ListItem\",\"position\":2,\"name\":\"Trips \/ Tours\"}]},{\"@type\":\"WebSite\",\"@id\":\"https:\/\/www.kasbahtours.com\/en\/#website\",\"url\":\"https:\/\/www.kasbahtours.com\/en\/\",\"name\":\"Morocco Kasbah Tours\",\"description\":\"Morocco Private Desert Tours\",\"potentialAction\":[{\"@type\":\"SearchAction\",\"target\":{\"@type\":\"EntryPoint\",\"urlTemplate\":\"https:\/\/www.kasbahtours.com\/en\/?s={search_term_string}\"},\"query-input\":\"required name=search_term_string\"}],\"inLanguage\":\"en-US\"}]}<\/script>\n<!-- \/ Yoast SEO plugin. -->","yoast_head_json":{"title":"Trips \/ Tours - Morocco Kasbah Tours","robots":{"index":"index","follow":"follow","max-snippet":"max-snippet:-1","max-image-preview":"max-image-preview:large","max-video-preview":"max-video-preview:-1"},"canonical":"https:\/\/www.kasbahtours.com\/en\/tours\/","og_locale":"en_US","og_type":"article","og_title":"Trips \/ Tours - Morocco Kasbah Tours","og_description":"&nbsp; Desde Marrakech 2 D\u00edas viaje a Ouarzazate 2 D\u00edas viaje a Zagora 3 D\u00edas viaje Camello Caminatas 3 D\u00edas Marrakech a Fez via Merzouga 4 D\u00edas Ruta del Desierto 5 D\u00edas ruta Marrakech a Erg Chigaga 5 D\u00edas ruta Atlas y Kasbahs 6 D\u00edas a Kasbahs y Desierto 8 D\u00edas Desierto y Camello caminata [&hellip;]","og_url":"https:\/\/www.kasbahtours.com\/en\/tours\/","og_site_name":"Morocco Kasbah Tours","article_modified_time":"2023-01-09T15:39:01+00:00","og_image":[{"url":"http:\/\/www.kasbahtours.com\/wp-content\/uploads\/2016\/03\/rutas-privados-300x2.png"}],"twitter_card":"summary_large_image","twitter_misc":{"Est. reading time":"1 minute"},"schema":{"@context":"https:\/\/schema.org","@graph":[{"@type":"WebPage","@id":"https:\/\/www.kasbahtours.com\/en\/tours\/","url":"https:\/\/www.kasbahtours.com\/en\/tours\/","name":"Trips \/ Tours - Morocco Kasbah Tours","isPartOf":{"@id":"https:\/\/www.kasbahtours.com\/en\/#website"},"datePublished":"2016-03-27T01:48:45+00:00","dateModified":"2023-01-09T15:39:01+00:00","breadcrumb":{"@id":"https:\/\/www.kasbahtours.com\/en\/tours\/#breadcrumb"},"inLanguage":"en-US","potentialAction":[{"@type":"ReadAction","target":["https:\/\/www.kasbahtours.com\/en\/tours\/"]}]},{"@type":"BreadcrumbList","@id":"https:\/\/www.kasbahtours.com\/en\/tours\/#breadcrumb","itemListElement":[{"@type":"ListItem","position":1,"name":"Home","item":"https:\/\/www.kasbahtours.com\/en\/"},{"@type":"ListItem","position":2,"name":"Trips \/ Tours"}]},{"@type":"WebSite","@id":"https:\/\/www.kasbahtours.com\/en\/#website","url":"https:\/\/www.kasbahtours.com\/en\/","name":"Morocco Kasbah Tours","description":"Morocco Private Desert Tours","potentialAction":[{"@type":"SearchAction","target":{"@type":"EntryPoint","urlTemplate":"https:\/\/www.kasbahtours.com\/en\/?s={search_term_string}"},"query-input":"required name=search_term_string"}],"inLanguage":"en-US"}]}},"_links":{"self":[{"href":"https:\/\/www.kasbahtours.com\/en\/wp-json\/wp\/v2\/pages\/495"}],"collection":[{"href":"https:\/\/www.kasbahtours.com\/en\/wp-json\/wp\/v2\/pages"}],"about":[{"href":"https:\/\/www.kasbahtours.com\/en\/wp-json\/wp\/v2\/types\/page"}],"author":[{"embeddable":true,"href":"https:\/\/www.kasbahtours.com\/en\/wp-json\/wp\/v2\/users\/1"}],"replies":[{"embeddable":true,"href":"https:\/\/www.kasbahtours.com\/en\/wp-json\/wp\/v2\/comments?post=495"}],"version-history":[{"count":6,"href":"https:\/\/www.kasbahtours.com\/en\/wp-json\/wp\/v2\/pages\/495\/revisions"}],"predecessor-version":[{"id":1544,"href":"https:\/\/www.kasbahtours.com\/en\/wp-json\/wp\/v2\/pages\/495\/revisions\/1544"}],"wp:attachment":[{"href":"https:\/\/www.kasbahtours.com\/en\/wp-json\/wp\/v2\/media?parent=495"}],"wp:term":[{"taxonomy":"post_tag","embeddable":true,"href":"https:\/\/www.kasbahtours.com\/en\/wp-json\/wp\/v2\/tags?post=495"}],"curies":[{"name":"wp","href":"https:\/\/api.w.org\/{rel}","templated":true}]}}